{"id":10755,"date":"2023-06-15T14:36:37","date_gmt":"2023-06-15T14:36:37","guid":{"rendered":"https:\/\/www.haihuishan.es\/el-budismo-de-la-tierra-pura\/"},"modified":"2023-07-13T15:09:23","modified_gmt":"2023-07-13T15:09:23","slug":"el-budismo-de-la-tierra-pura","status":"publish","type":"page","link":"https:\/\/haihuishan.org\/en\/budismo\/el-budismo-de-la-tierra-pura\/","title":{"rendered":"Pure Land Buddhism"},"content":{"rendered":"<section class=\"wpb-content-wrapper\"><p>[vc_row kd_background_image_position=&#8221;vc_row-bg-position-top&#8221;][vc_column][vc_empty_space height=&#8221;120&#8243;][\/vc_column][\/vc_row][vc_row full_width=&#8221;stretch_row&#8221; kd_background_image_position=&#8221;vc_row-bg-position-top&#8221;][vc_column width=&#8221;1\/4&#8243;][\/vc_column][vc_column width=&#8221;1\/2&#8243;]<header class=\"kd-section-title col-lg-12 text-center solid-line sep-border-width-2  subtitle-below-title kd-animated fadeIn   vc_custom_1687189809913\" data-animation-delay=200><h2 class=\"separator_on\" >Pure Land Buddhism<\/h2><div class=\"kd-separator below_title\" ><div class=\"kd-separator-line\" ><\/div><\/div><\/header>[\/vc_column][vc_column width=&#8221;1\/4&#8243;][\/vc_column][\/vc_row][vc_row full_width=&#8221;stretch_row&#8221; kd_background_image_position=&#8221;vc_row-bg-position-top&#8221;][vc_column width=&#8221;1\/3&#8243;][\/vc_column][vc_column width=&#8221;1\/3&#8243;]<div class=\"kd-photobox  \" ><div class=\"photobox-img\"><img loading=\"lazy\" decoding=\"async\" width=\"998\" height=\"2560\" src=\"https:\/\/haihuishan.org\/wp-content\/uploads\/2023\/06\/FS-F1907.537_002-scaled.jpg\" class=\"attachment-full\" alt=\"\" title=\"FS-F1907.537_002\" srcset=\"https:\/\/haihuishan.org\/wp-content\/uploads\/2023\/06\/FS-F1907.537_002-scaled.jpg 998w, https:\/\/haihuishan.org\/wp-content\/uploads\/2023\/06\/FS-F1907.537_002-117x300.jpg 117w, https:\/\/haihuishan.org\/wp-content\/uploads\/2023\/06\/FS-F1907.537_002-399x1024.jpg 399w, https:\/\/haihuishan.org\/wp-content\/uploads\/2023\/06\/FS-F1907.537_002-768x1970.jpg 768w, https:\/\/haihuishan.org\/wp-content\/uploads\/2023\/06\/FS-F1907.537_002-599x1536.jpg 599w, https:\/\/haihuishan.org\/wp-content\/uploads\/2023\/06\/FS-F1907.537_002-798x2048.jpg 798w, https:\/\/haihuishan.org\/wp-content\/uploads\/2023\/06\/FS-F1907.537_002-800x2053.jpg 800w\" sizes=\"auto, (max-width: 998px) 100vw, 998px\" \/><\/div><div class=\"phb-content text-left \">\n                  <h5 ><\/h5>\n                  <p ><\/p><\/div><\/div>[vc_empty_space height=&#8221;40&#8243;][\/vc_column][vc_column width=&#8221;1\/3&#8243;][\/vc_column][\/vc_row][vc_row full_width=&#8221;stretch_row&#8221; kd_background_image_position=&#8221;vc_row-bg-position-top&#8221;][vc_column width=&#8221;1\/6&#8243;][\/vc_column][vc_column width=&#8221;2\/3&#8243;][vc_column_text]<span style=\"font-weight: 400;\">Shakyamuni Buddha introduced the story of Amitabha Buddha in the <\/span><i><span style=\"font-weight: 400;\">Infinite Life Sutra<\/span><\/i><span style=\"font-weight: 400;\">. According to the text, in ancient times and possibly in another world, Amitabha Buddha was a monk named Dharmak\u0101ra. In some versions of the sutra, Dharmark\u0101ra is described as a former king who, having come into contact with the Buddhist teachings through Buddha Loke\u015bvarar\u0101ja, renounced the throne. He then resolved to become a Buddha and thus come into possession of a buddhak<\/span><span style=\"font-weight: 400;\">\u1e63<\/span><span style=\"font-weight: 400;\">etra (a world existing in a primordial universe outside space-time, produced by the merit of a buddha) of many perfections. These resolutions are expressed in his forty-eight vows, which outlined the kind of buddhak<\/span><span style=\"font-weight: 400;\">\u1e63<\/span><span style=\"font-weight: 400;\">etra Dharmak\u0101ra sought to create, the conditions under which beings would be born in that world, and what kind of beings they would be when reborn there.<\/span><\/p>\n<p><span style=\"font-weight: 400;\">&#8220;When I become Buddha, all sentient beings in the ten worlds who follow the doctrine of Buddha&#8217;s recitation, who develop a sincere and true mind, who have the utmost faith and joy, who wish to be born in my land, who are convinced to recite the Buddha&#8217;s name with their whole heart (and even just ten recitations of the Buddha&#8217;s name), can be born in my land.&#8221;\u00a0<\/span><\/p>\n<p><span style=\"font-weight: 400;\">After a long period of practice, Dharmark\u0101ra became a Buddha, known as Amitabha Buddha. The land of Amitabha is called the Pure Land of Ultimate Bliss.<\/span><\/p>\n<p><span style=\"font-weight: 400;\">&#8220;To the west of our world, beyond the bhakti of the ten billion buddhas, there is a world called Ultimate Bliss. In the Land of Ultimate Bliss lives a Buddha, whose name is Amitabha, who speaks the Dharma. It is called the world of bliss because the people of that Buddha realm do not suffer, but only enjoy bliss.&#8221;<\/span><\/p>\n<p style=\"text-align: right;\"><span style=\"font-weight: 400;\">\u2014 Sakyamuni Buddha presents the Pure Land in the Buddha Sutra on Amitabha<\/span><\/p>\n<p><span style=\"font-weight: 400;\">Pure Land Buddhism advocates the practice of reciting the Buddha as the inner cause and aspiring to the Buddha Amitabha as the outer cause, so that the inner and outer aspects are in harmony and one can be reborn in the Western Paradise. The practice of Pure Land Buddhism is simple and easy to carry out, with the fundamental method of mindfulness and the chanting of &#8220;Namo Amitabha&#8221;, which is applicable to everyone regardless of one&#8217;s condition and background.<\/span><\/p>\n<p><span style=\"font-weight: 400;\">The main texts of this stream are usually grouped into what are known as the &#8220;Five Sutras and One Treatise&#8221;, these being: the Sutra of Infinite Life, the Buddha Sutra of the Visualisation of Infinite Life, the Buddha Sutra on Amitabha, the Chapter on Buddha Recitation by the Bodhisattva Daishonin, the Purification of Bodhisattva Desires, and the Treatise on Attaining Rebirth. These sutras were translated into Chinese during the 1st\u20135th centuries AD by the monks Sa<\/span><span style=\"font-weight: 400;\">\u1e43<\/span><span style=\"font-weight: 400;\">ghavarman, Kalam Yasa and Kumarajiva.<\/span><\/p>\n<p><span style=\"font-weight: 400;\">The belief in Maitreya, the Pure Land philosophy, and the practice of &#8220;nianfo&#8221; (recitation of the Buddha&#8217;s name) were already present in ancient Indian Buddhism, but did not form a separate school. With the introduction of Indian Buddhism into China, the Pure Land philosophy was enriched and developed by Chinese Buddhist teachers, leading to the formation of the Pure Land School.<\/span><\/p>\n<p><span style=\"font-weight: 400;\">Pure Land Buddhism advocates compassion and peace, emphasises ethics and morality, promotes inner purification, and is easy to practice, making it a convenient and soothing remedy for the hectic modern world. In particular, the transcendental philosophy of life and the life-care system of Pure Land Buddhism are of great significance in enriching the &#8220;life issues&#8221; of today&#8217;s world and improving the quality of life of every believer.<\/span>[\/vc_column_text][\/vc_column][vc_column width=&#8221;1\/6&#8243;][\/vc_column][\/vc_row][vc_row kd_background_image_position=&#8221;vc_row-bg-position-top&#8221;][vc_column][vc_empty_space height=&#8221;70&#8243;][\/vc_column][\/vc_row]<\/p>\n<\/section>","protected":false},"excerpt":{"rendered":"<p>[vc_row kd_background_image_position=&#8221;vc_row-bg-position-top&#8221;][vc_column][vc_empty_space height=&#8221;120&#8243;][\/vc_column][\/vc_row][vc_row full_width=&#8221;stretch_row&#8221; kd_background_image_position=&#8221;vc_row-bg-position-top&#8221;][vc_column width=&#8221;1\/4&#8243;][\/vc_column][vc_column width=&#8221;1\/2&#8243;][\/vc_column][vc_column width=&#8221;1\/4&#8243;][\/vc_column][\/vc_row][vc_row full_width=&#8221;stretch_row&#8221; [&hellip;]<\/p>\n","protected":false},"author":1,"featured_media":10344,"parent":10763,"menu_order":0,"comment_status":"closed","ping_status":"closed","template":"","meta":{"footnotes":""},"class_list":["post-10755","page","type-page","status-publish","has-post-thumbnail","hentry"],"_links":{"self":[{"href":"https:\/\/haihuishan.org\/en\/wp-json\/wp\/v2\/pages\/10755","targetHints":{"allow":["GET"]}}],"collection":[{"href":"https:\/\/haihuishan.org\/en\/wp-json\/wp\/v2\/pages"}],"about":[{"href":"https:\/\/haihuishan.org\/en\/wp-json\/wp\/v2\/types\/page"}],"author":[{"embeddable":true,"href":"https:\/\/haihuishan.org\/en\/wp-json\/wp\/v2\/users\/1"}],"replies":[{"embeddable":true,"href":"https:\/\/haihuishan.org\/en\/wp-json\/wp\/v2\/comments?post=10755"}],"version-history":[{"count":8,"href":"https:\/\/haihuishan.org\/en\/wp-json\/wp\/v2\/pages\/10755\/revisions"}],"predecessor-version":[{"id":10831,"href":"https:\/\/haihuishan.org\/en\/wp-json\/wp\/v2\/pages\/10755\/revisions\/10831"}],"up":[{"embeddable":true,"href":"https:\/\/haihuishan.org\/en\/wp-json\/wp\/v2\/pages\/10763"}],"wp:featuredmedia":[{"embeddable":true,"href":"https:\/\/haihuishan.org\/en\/wp-json\/wp\/v2\/media\/10344"}],"wp:attachment":[{"href":"https:\/\/haihuishan.org\/en\/wp-json\/wp\/v2\/media?parent=10755"}],"curies":[{"name":"wp","href":"https:\/\/api.w.org\/{rel}","templated":true}]}}